{"id":10,"date":"2024-05-24T19:34:45","date_gmt":"2024-05-24T22:34:45","guid":{"rendered":"https:\/\/mdqserver.com\/soporte\/?page_id=10"},"modified":"2026-01-01T22:21:08","modified_gmt":"2026-01-02T01:21:08","slug":"contacto","status":"publish","type":"page","link":"https:\/\/mdqserver.com\/soporte\/contacto\/","title":{"rendered":"Contacto"},"content":{"rendered":"\n<p>&#8220;Atenci\u00f3n personalizada en Mar del Plata. Respondemos tus consultas t\u00e9cnicas por correo en <a href=\"mailto:info@mdqserver.com\">info@mdqserver.com <\/a>o a trav\u00e9s de nuestros canales oficiales.&#8221;<\/p>\n\n\n\n<p><strong>\u00bfNecesit\u00e1s soporte inmediato o una soluci\u00f3n a medida?<\/strong> > No somos una plataforma automatizada; somos t\u00e9cnicos locales listos para ayudarte. Pod\u00e9s contactarnos directamente por correo electr\u00f3nico a <strong>info@mdqserver.com<\/strong> o visitarnos en nuestra base de operaciones en Mar del Plata.<\/p>\n\n\n\n<p><strong>Horarios de atenci\u00f3n:<\/strong> &gt; Lunes a Viernes: 8:00 AM a 20:00 PM<\/p>\n\n\n\n<p>S\u00e1bados: 9:00 AM a 13:00 PM <\/p>\n","protected":false},"excerpt":{"rendered":"<p>&#8220;Atenci\u00f3n personalizada en Mar del Plata. Respondemos tus consultas t\u00e9cnicas por correo en info@mdqserver.com o a trav\u00e9s de nuestros canales oficiales.&#8221; \u00bfNecesit\u00e1s soporte inmediato o una soluci\u00f3n a medida? > No somos una plataforma automatizada; somos t\u00e9cnicos locales listos para ayudarte. Pod\u00e9s contactarnos directamente por correo electr\u00f3nico a info@mdqserver.com o visitarnos en nuestra base de &hellip; <\/p>\n<p class=\"link-more\"><a href=\"https:\/\/mdqserver.com\/soporte\/contacto\/\" class=\"more-link\">Segu\u00ed leyendo<span class=\"screen-reader-text\"> &#8220;Contacto&#8221;<\/span><\/a><\/p>\n","protected":false},"author":1,"featured_media":0,"parent":0,"menu_order":0,"comment_status":"closed","ping_status":"closed","template":"","meta":{"footnotes":""},"class_list":["post-10","page","type-page","status-publish","hentry"],"_links":{"self":[{"href":"https:\/\/mdqserver.com\/soporte\/wp-json\/wp\/v2\/pages\/10","targetHints":{"allow":["GET"]}}],"collection":[{"href":"https:\/\/mdqserver.com\/soporte\/wp-json\/wp\/v2\/pages"}],"about":[{"href":"https:\/\/mdqserver.com\/soporte\/wp-json\/wp\/v2\/types\/page"}],"author":[{"embeddable":true,"href":"https:\/\/mdqserver.com\/soporte\/wp-json\/wp\/v2\/users\/1"}],"replies":[{"embeddable":true,"href":"https:\/\/mdqserver.com\/soporte\/wp-json\/wp\/v2\/comments?post=10"}],"version-history":[{"count":7,"href":"https:\/\/mdqserver.com\/soporte\/wp-json\/wp\/v2\/pages\/10\/revisions"}],"predecessor-version":[{"id":178,"href":"https:\/\/mdqserver.com\/soporte\/wp-json\/wp\/v2\/pages\/10\/revisions\/178"}],"wp:attachment":[{"href":"https:\/\/mdqserver.com\/soporte\/wp-json\/wp\/v2\/media?parent=10"}],"curies":[{"name":"wp","href":"https:\/\/api.w.org\/{rel}","templated":true}]}}