{"id":8,"date":"2024-05-24T19:34:45","date_gmt":"2024-05-24T22:34:45","guid":{"rendered":"https:\/\/mdqserver.com\/soporte\/?page_id=8"},"modified":"2025-12-30T18:55:20","modified_gmt":"2025-12-30T21:55:20","slug":"inicio","status":"publish","type":"page","link":"https:\/\/mdqserver.com\/soporte\/","title":{"rendered":"Bienvenido a nuestro blog de soporte"},"content":{"rendered":"\n<p>\u00bfEn qu\u00e9 podemos ayudarte?<\/p>\n\n\n<form role=\"search\" method=\"get\" action=\"https:\/\/mdqserver.com\/soporte\/\" class=\"wp-block-search__button-outside wp-block-search__text-button wp-block-search\"    ><label class=\"wp-block-search__label\" for=\"wp-block-search__input-1\" >Buscar<\/label><div class=\"wp-block-search__inside-wrapper\" ><input class=\"wp-block-search__input\" id=\"wp-block-search__input-1\" placeholder=\"\" value=\"\" type=\"search\" name=\"s\" required \/><button aria-label=\"Buscar\" class=\"wp-block-search__button wp-element-button\" type=\"submit\" >Buscar<\/button><\/div><\/form>\n\n\n<p><\/p>\n\n\n\n<p class=\"has-text-align-left\"><strong>\u00bfBusc\u00e1s el mejor rendimiento para tu sitio web?<\/strong><\/p>\n\n\n\n<p>En <strong>MDQServer<\/strong> no solo alquilamos espacio: te brindamos una plataforma de alta performance dise\u00f1ada para que tu proyecto est\u00e9 siempre online y seguro.<\/p>\n\n\n\n<h3 class=\"wp-block-heading\"><strong>\u00bfPor qu\u00e9 elegir MDQServer?<\/strong><\/h3>\n\n\n\n<ul class=\"wp-block-list\">\n<li><strong>Infraestructura Propia:<\/strong> Tus datos se alojan en servidores optimizados con conexi\u00f3n permanente las 24 horas, los 365 d\u00edas del a\u00f1o.<\/li>\n\n\n\n<li><strong>Performance Garantizada:<\/strong> Hardware de alta calidad dise\u00f1ado para ofrecer la m\u00e1xima velocidad de carga.<\/li>\n\n\n\n<li><strong>Soporte T\u00e9cnico de Expertos:<\/strong> No hablamos con bots; te atiende personal capacitado en administraci\u00f3n de sistemas y redes.<\/li>\n<\/ul>\n\n\n\n<h3 class=\"wp-block-heading\"><strong>Seguridad y Compromiso<\/strong><\/h3>\n\n\n\n<p>Para garantizar la mejor experiencia a todos nuestros usuarios, mantenemos una pol\u00edtica de uso responsable. Permitimos la publicaci\u00f3n de casi cualquier contenido, con las siguientes <strong>excepciones estrictas<\/strong>:<\/p>\n\n\n\n<ul class=\"wp-block-list\">\n<li>Material pornogr\u00e1fico o ilegal.<\/li>\n\n\n\n<li>Actividades de estafa, phishing o fraudes.<\/li>\n\n\n\n<li>Contenido que viole leyes locales o internacionales vigentes.<\/li>\n<\/ul>\n\n\n\n<hr class=\"wp-block-separator has-alpha-channel-opacity\"\/>\n\n\n\n<h3 class=\"wp-block-heading\"><strong>Llev\u00e1 tu proyecto al siguiente nivel<\/strong><\/h3>\n\n\n\n<p>Hac\u00e9 que tu contenido sea accesible desde cualquier parte del mundo con la estabilidad que solo un servidor administrado profesionalmente puede darte.<\/p>\n\n\n\n<p><\/p>\n","protected":false},"excerpt":{"rendered":"<p>\u00bfEn qu\u00e9 podemos ayudarte? \u00bfBusc\u00e1s el mejor rendimiento para tu sitio web? En MDQServer no solo alquilamos espacio: te brindamos una plataforma de alta performance dise\u00f1ada para que tu proyecto est\u00e9 siempre online y seguro. \u00bfPor qu\u00e9 elegir MDQServer? Seguridad y Compromiso Para garantizar la mejor experiencia a todos nuestros usuarios, mantenemos una pol\u00edtica de &hellip; <\/p>\n<p class=\"link-more\"><a href=\"https:\/\/mdqserver.com\/soporte\/\" class=\"more-link\">Segu\u00ed leyendo<span class=\"screen-reader-text\"> &#8220;Bienvenido a nuestro blog de soporte&#8221;<\/span><\/a><\/p>\n","protected":false},"author":1,"featured_media":0,"parent":0,"menu_order":0,"comment_status":"closed","ping_status":"closed","template":"","meta":{"footnotes":""},"class_list":["post-8","page","type-page","status-publish","hentry"],"_links":{"self":[{"href":"https:\/\/mdqserver.com\/soporte\/wp-json\/wp\/v2\/pages\/8","targetHints":{"allow":["GET"]}}],"collection":[{"href":"https:\/\/mdqserver.com\/soporte\/wp-json\/wp\/v2\/pages"}],"about":[{"href":"https:\/\/mdqserver.com\/soporte\/wp-json\/wp\/v2\/types\/page"}],"author":[{"embeddable":true,"href":"https:\/\/mdqserver.com\/soporte\/wp-json\/wp\/v2\/users\/1"}],"replies":[{"embeddable":true,"href":"https:\/\/mdqserver.com\/soporte\/wp-json\/wp\/v2\/comments?post=8"}],"version-history":[{"count":12,"href":"https:\/\/mdqserver.com\/soporte\/wp-json\/wp\/v2\/pages\/8\/revisions"}],"predecessor-version":[{"id":174,"href":"https:\/\/mdqserver.com\/soporte\/wp-json\/wp\/v2\/pages\/8\/revisions\/174"}],"wp:attachment":[{"href":"https:\/\/mdqserver.com\/soporte\/wp-json\/wp\/v2\/media?parent=8"}],"curies":[{"name":"wp","href":"https:\/\/api.w.org\/{rel}","templated":true}]}}